{"id":1472,"date":"2020-01-02T14:04:56","date_gmt":"2020-01-02T13:04:56","guid":{"rendered":"https:\/\/shop.welo-bau.de\/?page_id=1472"},"modified":"2020-02-17T18:59:08","modified_gmt":"2020-02-17T17:59:08","slug":"impressum","status":"publish","type":"page","link":"https:\/\/welo-bau.de\/?page_id=1472","title":{"rendered":"Impressum"},"content":{"rendered":"<p>[et_pb_section fb_built=&#8220;1&#8243; _builder_version=&#8220;3.22&#8243;][et_pb_row _builder_version=&#8220;4.3.2&#8243;][et_pb_column _builder_version=&#8220;4.3.2&#8243; type=&#8220;4_4&#8243;][et_pb_text _builder_version=&#8220;4.3.2&#8243; hover_enabled=&#8220;0&#8243;]<\/p>\n<h1>Impressum<\/h1>\n<p>[\/et_pb_text][\/et_pb_column][\/et_pb_row][et_pb_row _builder_version=&#8220;3.25&#8243; background_size=&#8220;initial&#8220; background_position=&#8220;top_left&#8220; background_repeat=&#8220;repeat&#8220;][et_pb_column type=&#8220;4_4&#8243; _builder_version=&#8220;3.25&#8243; custom_padding=&#8220;|||&#8220; custom_padding__hover=&#8220;|||&#8220;][et_pb_text _builder_version=&#8220;3.27.4&#8243; background_size=&#8220;initial&#8220; background_position=&#8220;top_left&#8220; background_repeat=&#8220;repeat&#8220;]<!-- divi:paragraph --><\/p>\n<p>Verantwortlich:<\/p>\n<p><!-- \/divi:paragraph --><!-- divi:paragraph --><\/p>\n<p>Sabine Zimmerer e.K. <br \/> Gewerbegebiet 1<br \/> 94553 Mariaposching<\/p>\n<p> Telefon:\u00a0\u00a0 +49 9906 240<br \/> Telefax:\u00a0\u00a0 +49 9906 785<br \/> E-Mail:\u00a0\u00a0\u00a0\u00a0 <a href=\"mailto:info@welo-bau.de\">info@welo-bau.de<\/a><br \/> Internet:\u00a0 <a href=\"http:\/\/www.welo-bau.de\/\">www.welo-bau.de<\/a><\/p>\n<p> Inhaltlich Verantwortlicher: Sabine Zimmerer<\/p>\n<p> Vertretungsberechtigter Gesch\u00e4ftsf\u00fchrer:<br \/> Sabine Zimmerer<\/p>\n<p> Registergericht: Amtsgericht Straubing<br \/> Registernummer: HRA 2048<br \/> Umsatzsteuer-Identifikationsnummer: DE<\/p>\n<p><!-- \/divi:paragraph --><!-- divi:paragraph --><\/p>\n<p><strong>Rechtliche Hinweise:<\/strong><\/p>\n<p><!-- \/divi:paragraph --><!-- divi:paragraph --><\/p>\n<p>Die Firma Sabine Zimmerer e.K. ist bem\u00fcht, dass die auf ihrer Website enthaltenen Informationen und Daten zutreffend sind. Eine Haftung oder Garantie f\u00fcr die Richtigkeit, Vollst\u00e4ndigkeit und Aktualit\u00e4t der zur Verf\u00fcgung gestellten Informationen ist allerdings ausgeschlossen. Die Firma\u00a0 Sabine Zimmerer e.K. behalten sich\u00a0vor, ohne Ank\u00fcndigung,\u00a0\u00c4nderungen oder Erg\u00e4nzungen der bereitgestellten Informationen oder Daten vorzunehmen.<\/p>\n<p><!-- \/divi:paragraph --><!-- divi:paragraph --><\/p>\n<p>Der\u00a0Inhalt dieser Website ist\u00a0urheberrechtlich gesch\u00fctzt. Die Vervielf\u00e4ltigung von Informationen\u00a0oder Daten, insbesondere die Verwendung\u00a0von Texten, Textteilen oder Bildmaterial bedarf der vorherigen Zustimmung der Firma\u00a0 Sabine Zimmerer e.K. \u00a0<\/p>\n<p><!-- \/divi:paragraph --><!-- divi:paragraph --><\/p>\n<p>S\u00e4mtliche Informationen oder Daten und ihre Nutzung sowie s\u00e4mtliches<br \/>mit diesen Webseiten zusammenh\u00e4ngenden Tun, Dulden oder Unterlassen<br \/>unterliegen ausschlie\u00dflich\u00a0deutschem Recht.<\/p>\n<p><!-- \/divi:paragraph --><!-- divi:paragraph --><\/p>\n<p><strong>Datenschutz:<\/strong><\/p>\n<p><!-- \/divi:paragraph --><!-- divi:paragraph --><\/p>\n<p>Ihre\u00a0personenbezogenen Daten werden durch die Firma Sabine Zimmerer e.K. verwendet, um Ihre Anfrage zu beantworten, Ihren Auftrag zu bearbeiten oder Ihnen Zugang zu speziellen Informationen oder Angeboten zu verschaffen. Zur Pflege der Kundenbeziehungen kann es weiterhin n\u00f6tig sein, dass die Firma Sabine Zimmerer e.K. Ihre personenbezogenen Daten speichern und verarbeiten, um auf Ihre W\u00fcnsche besser eingehen zu\u00a0k\u00f6nnen oder um Leistungen zu verbessern.<\/p>\n<p><!-- \/divi:paragraph --><!-- divi:paragraph --><\/p>\n<p>Die Firma Sabine Zimmerer e.K. wird Ihre personenbezogenen Daten vertraulich behandeln und weder an Dritte verkaufen noch anderweitig vermarkten.\u00a0\u00a0\u00a0<\/p>\n<p><!-- \/divi:paragraph -->[\/et_pb_text][\/et_pb_column][\/et_pb_row][\/et_pb_section]<\/p>\n","protected":false},"excerpt":{"rendered":"<p>Impressum Verantwortlich: Sabine Zimmerer e.K. Gewerbegebiet 1 94553 Mariaposching Telefon:\u00a0\u00a0 +49 9906 240 Telefax:\u00a0\u00a0 +49 9906 785 E-Mail:\u00a0\u00a0\u00a0\u00a0 info@welo-bau.de Internet:\u00a0 www.welo-bau.de Inhaltlich Verantwortlicher: Sabine Zimmerer Vertretungsberechtigter Gesch\u00e4ftsf\u00fchrer: Sabine Zimmerer Registergericht: Amtsgericht Straubing Registernummer: HRA 2048 Umsatzsteuer-Identifikationsnummer: DE Rechtliche Hinweise: Die Firma Sabine Zimmerer e.K. ist bem\u00fcht, dass die auf ihrer Website enthaltenen Informationen und Daten [&hellip;]<\/p>\n","protected":false},"author":1,"featured_media":0,"parent":0,"menu_order":0,"comment_status":"closed","ping_status":"closed","template":"","meta":{"_et_pb_use_builder":"on","_et_pb_old_content":"<!-- wp:paragraph -->\n<p>Verantwortlich:<\/p>\n<!-- \/wp:paragraph -->\n\n<!-- wp:paragraph -->\n<p> Sabine Zimmerer e.K. <br> Gewerbegebiet 1<br> 94553 Mariaposching<br> <br> Telefon:&nbsp;&nbsp; +49 9906 240<br> Telefax:&nbsp;&nbsp; +49 9906 785<br> E-Mail:&nbsp;&nbsp;&nbsp;&nbsp; <a href=\"mailto:info@welo-bau.de\">info@welo-bau.de<\/a><br> Internet:&nbsp; <a href=\"http:\/\/www.welo-bau.de\/\">www.welo-bau.de<\/a><br> <br> Inhaltlich Verantwortlicher: Sabine Zimmerer<br> <br> Vertretungsberechtigter Gesch\u00e4ftsf\u00fchrer:<br> Sabine Zimmerer<br> <br> Registergericht: Amtsgericht Straubing<br> Registernummer: HRA 2048<br> Umsatzsteuer-Identifikationsnummer: DE <\/p>\n<!-- \/wp:paragraph -->\n\n<!-- wp:paragraph -->\n<p><strong>Rechtliche Hinweise:<\/strong><\/p>\n<!-- \/wp:paragraph -->\n\n<!-- wp:paragraph -->\n<p>Die Firma Sabine Zimmerer e.K. ist bem\u00fcht, dass die auf ihrer Website  enthaltenen Informationen und Daten zutreffend sind. Eine Haftung oder  Garantie f\u00fcr die Richtigkeit, Vollst\u00e4ndigkeit und Aktualit\u00e4t der zur Verf\u00fcgung gestellten Informationen ist allerdings ausgeschlossen.  Die Firma&nbsp; Sabine Zimmerer e.K. behalten sich&nbsp;vor, ohne Ank\u00fcndigung,&nbsp;\u00c4nderungen oder  Erg\u00e4nzungen der bereitgestellten Informationen oder Daten vorzunehmen.<\/p>\n<!-- \/wp:paragraph -->\n\n<!-- wp:paragraph -->\n<p>Der&nbsp;Inhalt dieser Website ist&nbsp;urheberrechtlich gesch\u00fctzt. Die  Vervielf\u00e4ltigung von Informationen&nbsp;oder Daten, insbesondere die  Verwendung&nbsp;von Texten, Textteilen oder Bildmaterial bedarf der vorherigen Zustimmung der Firma&nbsp; Sabine Zimmerer e.K. &nbsp;<\/p>\n<!-- \/wp:paragraph -->\n\n<!-- wp:paragraph -->\n<p>S\u00e4mtliche Informationen oder Daten und ihre Nutzung sowie s\u00e4mtliches \nmit diesen Webseiten zusammenh\u00e4ngenden Tun, Dulden oder Unterlassen \nunterliegen ausschlie\u00dflich&nbsp;deutschem Recht.<\/p>\n<!-- \/wp:paragraph -->\n\n<!-- wp:paragraph -->\n<p><strong>Datenschutz:<\/strong><\/p>\n<!-- \/wp:paragraph -->\n\n<!-- wp:paragraph -->\n<p>Ihre&nbsp;personenbezogenen Daten werden durch die Firma  Sabine Zimmerer e.K.  verwendet, um Ihre Anfrage zu beantworten, Ihren Auftrag zu bearbeiten  oder Ihnen Zugang zu speziellen Informationen oder Angeboten zu verschaffen. Zur Pflege der Kundenbeziehungen kann es  weiterhin n\u00f6tig sein, dass die Firma  Sabine Zimmerer e.K. Ihre personenbezogenen  Daten speichern und verarbeiten, um auf Ihre W\u00fcnsche besser eingehen zu&nbsp;k\u00f6nnen oder um Leistungen zu verbessern.<\/p>\n<!-- \/wp:paragraph -->\n\n<!-- wp:paragraph -->\n<p>Die Firma  Sabine Zimmerer e.K. wird Ihre personenbezogenen Daten vertraulich  behandeln und weder an Dritte verkaufen noch anderweitig vermarkten.&nbsp;&nbsp;&nbsp;<\/p>\n<!-- \/wp:paragraph -->","_et_gb_content_width":"","footnotes":""},"class_list":["post-1472","page","type-page","status-publish","hentry"],"jetpack_sharing_enabled":true,"_links":{"self":[{"href":"https:\/\/welo-bau.de\/index.php?rest_route=\/wp\/v2\/pages\/1472","targetHints":{"allow":["GET"]}}],"collection":[{"href":"https:\/\/welo-bau.de\/index.php?rest_route=\/wp\/v2\/pages"}],"about":[{"href":"https:\/\/welo-bau.de\/index.php?rest_route=\/wp\/v2\/types\/page"}],"author":[{"embeddable":true,"href":"https:\/\/welo-bau.de\/index.php?rest_route=\/wp\/v2\/users\/1"}],"replies":[{"embeddable":true,"href":"https:\/\/welo-bau.de\/index.php?rest_route=%2Fwp%2Fv2%2Fcomments&post=1472"}],"version-history":[{"count":4,"href":"https:\/\/welo-bau.de\/index.php?rest_route=\/wp\/v2\/pages\/1472\/revisions"}],"predecessor-version":[{"id":1755,"href":"https:\/\/welo-bau.de\/index.php?rest_route=\/wp\/v2\/pages\/1472\/revisions\/1755"}],"wp:attachment":[{"href":"https:\/\/welo-bau.de\/index.php?rest_route=%2Fwp%2Fv2%2Fmedia&parent=1472"}],"curies":[{"name":"wp","href":"https:\/\/api.w.org\/{rel}","templated":true}]}}