{"id":1514,"date":"2020-01-20T16:08:47","date_gmt":"2020-01-20T15:08:47","guid":{"rendered":"https:\/\/shop.welo-bau.de\/?page_id=1514"},"modified":"2023-03-16T10:53:29","modified_gmt":"2023-03-16T09:53:29","slug":"baustoffe-und-pfostentraeger","status":"publish","type":"page","link":"https:\/\/welo-bau.de\/?page_id=1514","title":{"rendered":"Pfostentr\u00e4ger"},"content":{"rendered":"<p>[et_pb_section fb_built=&#8220;1&#8243; custom_padding_last_edited=&#8220;on|tablet&#8220; admin_label=&#8220;Hero&#8220; _builder_version=&#8220;4.16&#8243; use_background_color_gradient=&#8220;on&#8220; background_color_gradient_direction=&#8220;90deg&#8220; background_color_gradient_stops=&#8220;#F0EDEE 65%|#F9F6F5 65%&#8220; background_color_gradient_start=&#8220;#F0EDEE&#8220; background_color_gradient_start_position=&#8220;65%&#8220; background_color_gradient_end=&#8220;#F9F6F5&#8243; background_color_gradient_end_position=&#8220;0%&#8220; custom_margin=&#8220;|||&#8220; custom_padding=&#8220;6vw|0px|0px|0px|false|false&#8220; custom_padding_tablet=&#8220;0vw|||&#8220; custom_padding_phone=&#8220;&#8220; global_colors_info=&#8220;{}&#8220;][et_pb_row column_structure=&#8220;1_2,1_2&#8243; make_equal=&#8220;on&#8220; disabled_on=&#8220;off|off|off&#8220; _builder_version=&#8220;4.16&#8243; width=&#8220;100%&#8220; max_width=&#8220;100%&#8220; custom_padding=&#8220;0px|0px|0px|0px|true|true&#8220; use_custom_width=&#8220;on&#8220; width_unit=&#8220;off&#8220; custom_width_percent=&#8220;100%&#8220; global_colors_info=&#8220;{}&#8220;][et_pb_column type=&#8220;1_2&#8243; _builder_version=&#8220;4.16&#8243; use_background_color_gradient=&#8220;on&#8220; background_color_gradient_direction=&#8220;30deg&#8220; background_color_gradient_stops=&#8220;rgba(222,213,216,0.1) 0%|rgba(222,213,216,0.7) 100%&#8220; background_color_gradient_overlays_image=&#8220;on&#8220; background_color_gradient_start=&#8220;rgba(222,213,216,0.1)&#8220; background_color_gradient_end=&#8220;rgba(222,213,216,0.7)&#8220; background_image=&#8220;https:\/\/welo-bau.de\/wp-content\/uploads\/2020\/05\/272neu.jpg&#8220; custom_padding=&#8220;|||&#8220; global_colors_info=&#8220;{}&#8220; custom_padding__hover=&#8220;|||&#8220;][et_pb_divider show_divider=&#8220;off&#8220; _builder_version=&#8220;4.16&#8243; height=&#8220;20vw&#8220; height_tablet=&#8220;677px&#8220; height_phone=&#8220;467px&#8220; height_last_edited=&#8220;on|phone&#8220; max_height=&#8220;914px&#8220; global_colors_info=&#8220;{}&#8220;][\/et_pb_divider][\/et_pb_column][et_pb_column type=&#8220;1_2&#8243; _builder_version=&#8220;4.16&#8243; custom_padding=&#8220;10vw||10vw|&#8220; custom_padding_tablet=&#8220;|10%||10%||true&#8220; custom_padding_phone=&#8220;&#8220; custom_padding_last_edited=&#8220;on|tablet&#8220; global_colors_info=&#8220;{}&#8220; padding_tablet=&#8220;|10%||10%||true&#8220; padding_last_edited=&#8220;on|tablet&#8220; custom_padding__hover=&#8220;|||&#8220; padding_phone=&#8220;|10%||10%||true&#8220;][et_pb_text _builder_version=&#8220;4.16&#8243; text_font=&#8220;||||||||&#8220; text_font_size=&#8220;16px&#8220; text_line_height=&#8220;2em&#8220; header_font=&#8220;Oswald|500||on|||||&#8220; header_font_size=&#8220;6vw&#8220; header_letter_spacing=&#8220;0.05em&#8220; header_line_height=&#8220;1.2em&#8220; header_5_font=&#8220;Roboto|700||on|||||&#8220; header_5_text_color=&#8220;#898ea2&#8243; header_5_font_size=&#8220;26px&#8220; header_5_letter_spacing=&#8220;10px&#8220; header_5_line_height=&#8220;1.4em&#8220; header_6_font=&#8220;Roboto|700||on|||||&#8220; header_6_text_color=&#8220;#d39b86&#8243; header_6_font_size=&#8220;16px&#8220; header_6_letter_spacing=&#8220;5px&#8220; header_6_line_height=&#8220;1.5em&#8220; text_orientation=&#8220;right&#8220; custom_margin=&#8220;|10vw|10vw|-31vw||&#8220; custom_margin_tablet=&#8220;-315px|0%||0%|false|true&#8220; custom_margin_phone=&#8220;|||&#8220; custom_margin_last_edited=&#8220;on|phone&#8220; custom_padding=&#8220;|||&#8220; custom_padding_last_edited=&#8220;off|desktop&#8220; animation_style=&#8220;slide&#8220; animation_direction=&#8220;left&#8220; animation_intensity_slide=&#8220;2%&#8220; header_font_size_tablet=&#8220;70px&#8220; header_font_size_phone=&#8220;40px&#8220; header_font_size_last_edited=&#8220;on|desktop&#8220; header_line_height_tablet=&#8220;&#8220; header_line_height_phone=&#8220;1.5em&#8220; header_line_height_last_edited=&#8220;on|phone&#8220; header_5_font_size_tablet=&#8220;&#8220; header_5_font_size_phone=&#8220;18px&#8220; header_5_font_size_last_edited=&#8220;on|phone&#8220; locked=&#8220;off&#8220; global_colors_info=&#8220;{}&#8220;]<\/p>\n<h5><span style=\"color: #000000;\">Aus eigener Herstellung<\/span><\/h5>\n<h1>WELO<br \/> Pfostentr\u00e4ger<\/h1>\n<h6><\/h6>\n<p>[\/et_pb_text][et_pb_button button_url=&#8220;https:\/\/welo-bau.de\/wp-content\/uploads\/2020\/06\/Neutrale-Preisliste.pdf&#8220; url_new_window=&#8220;on&#8220; button_text=&#8220;Katalog Pfostentr\u00e4ger&#8220; button_alignment=&#8220;left&#8220; _builder_version=&#8220;4.16&#8243; custom_button=&#8220;on&#8220; button_text_size=&#8220;14px&#8220; button_text_color=&#8220;#ffffff&#8220; button_bg_color=&#8220;#352a22&#8243; button_border_width=&#8220;12px&#8220; button_border_color=&#8220;#352a22&#8243; button_border_radius=&#8220;0px&#8220; button_letter_spacing=&#8220;5px&#8220; button_font=&#8220;Roboto|700||on|||||&#8220; custom_margin=&#8220;0px||||false|false&#8220; custom_margin_tablet=&#8220;30px|||&#8220; custom_margin_phone=&#8220;18px||||false|false&#8220; custom_margin_last_edited=&#8220;on|phone&#8220; custom_padding=&#8220;|||&#8220; animation_style=&#8220;slide&#8220; animation_direction=&#8220;right&#8220; animation_intensity_slide=&#8220;20%&#8220; button_text_color_hover=&#8220;#ffffff&#8220; button_border_color_hover=&#8220;#c9b7bd&#8220; button_bg_color_hover=&#8220;#c9b7bd&#8220; locked=&#8220;off&#8220; global_colors_info=&#8220;{}&#8220; button_text_size__hover_enabled=&#8220;off&#8220; button_one_text_size__hover_enabled=&#8220;off&#8220; button_two_text_size__hover_enabled=&#8220;off&#8220; button_text_color__hover_enabled=&#8220;on&#8220; button_text_color__hover=&#8220;#ffffff&#8220; button_one_text_color__hover_enabled=&#8220;off&#8220; button_two_text_color__hover_enabled=&#8220;off&#8220; button_border_width__hover_enabled=&#8220;off&#8220; button_one_border_width__hover_enabled=&#8220;off&#8220; button_two_border_width__hover_enabled=&#8220;off&#8220; button_border_color__hover_enabled=&#8220;on&#8220; button_border_color__hover=&#8220;#c9b7bd&#8220; button_one_border_color__hover_enabled=&#8220;off&#8220; button_two_border_color__hover_enabled=&#8220;off&#8220; button_border_radius__hover_enabled=&#8220;off&#8220; button_one_border_radius__hover_enabled=&#8220;off&#8220; button_two_border_radius__hover_enabled=&#8220;off&#8220; button_letter_spacing__hover_enabled=&#8220;off&#8220; button_one_letter_spacing__hover_enabled=&#8220;off&#8220; button_two_letter_spacing__hover_enabled=&#8220;off&#8220; button_bg_color__hover_enabled=&#8220;on&#8220; button_bg_color__hover=&#8220;#c9b7bd&#8220; button_one_bg_color__hover_enabled=&#8220;off&#8220; button_two_bg_color__hover_enabled=&#8220;off&#8220;][\/et_pb_button][\/et_pb_column][\/et_pb_row][\/et_pb_section][et_pb_section fb_built=&#8220;1&#8243; admin_label=&#8220;About&#8220; _builder_version=&#8220;4.16&#8243; background_image=&#8220;https:\/\/welo-bau.de\/wp-content\/uploads\/2020\/02\/divider.png&#8220; background_size=&#8220;initial&#8220; background_position=&#8220;top_left&#8220; background_repeat=&#8220;repeat&#8220; custom_padding=&#8220;0|0px|54px|0px|false|false&#8220; global_colors_info=&#8220;{}&#8220;][et_pb_row column_structure=&#8220;1_2,1_2&#8243; use_custom_gutter=&#8220;on&#8220; make_equal=&#8220;on&#8220; _builder_version=&#8220;4.16&#8243; width=&#8220;100%&#8220; max_width=&#8220;100%&#8220; custom_padding=&#8220;0|0px||0px|false|false&#8220; use_custom_width=&#8220;on&#8220; width_unit=&#8220;off&#8220; custom_width_percent=&#8220;100%&#8220; global_colors_info=&#8220;{}&#8220;][et_pb_column type=&#8220;1_2&#8243; _builder_version=&#8220;4.16&#8243; custom_padding=&#8220;60px|||12%&#8220; custom_padding_tablet=&#8220;|10%||10%||true&#8220; custom_padding_phone=&#8220;|||&#8220; custom_padding_last_edited=&#8220;on|desktop&#8220; global_colors_info=&#8220;{}&#8220; padding_phone=&#8220;|||&#8220; padding_tablet=&#8220;|10%||10%||true&#8220; padding_last_edited=&#8220;on|desktop&#8220; custom_padding__hover=&#8220;|||&#8220;][et_pb_text _builder_version=&#8220;4.16&#8243; text_font=&#8220;||||||||&#8220; text_font_size=&#8220;16px&#8220; text_line_height=&#8220;2em&#8220; header_font=&#8220;||||||||&#8220; header_2_font=&#8220;Oswald|||on|||||&#8220; header_2_line_height=&#8220;1.5em&#8220; header_4_font=&#8220;Oswald|||on|||||&#8220; header_4_font_size=&#8220;30px&#8220; header_4_line_height=&#8220;1.5em&#8220; max_width=&#8220;600px&#8220; module_alignment=&#8220;right&#8220; custom_margin=&#8220;|||&#8220; custom_margin_tablet=&#8220;420px||||false|false&#8220; custom_margin_phone=&#8220;300px||||false|false&#8220; custom_margin_last_edited=&#8220;on|desktop&#8220; global_colors_info=&#8220;{}&#8220;]<\/p>\n<h2>Individuell mit unseren zahlreichen L\u00f6sungen zum Ziel<\/h2>\n<p>In unserer eigenen Schlosserei werden die Pfostentr\u00e4ger hergestellt. Alles Einzelteile geschnitten, gestanzt, geschwei\u00dft und geschraubt. Viele verschiedene Produkte erm\u00f6glichen es Ihnen f\u00fcr jedes individuelle Problem die ideale L\u00f6sung zu finden.<\/p>\n<p>[\/et_pb_text][\/et_pb_column][et_pb_column type=&#8220;1_2&#8243; _builder_version=&#8220;4.16&#8243; custom_padding=&#8220;|||&#8220; global_colors_info=&#8220;{}&#8220; custom_padding__hover=&#8220;|||&#8220;][et_pb_image src=&#8220;https:\/\/welo-bau.de\/wp-content\/uploads\/2020\/05\/Titelbild-f\u00fcr-Homepage-scaled-e1589612372403.jpg&#8220; title_text=&#8220;Titelbild f\u00fcr Homepage&#8220; url=&#8220;https:\/\/welo-bau.de\/wp-content\/uploads\/2020\/06\/Neutrale-Preisliste.pdf&#8220; url_new_window=&#8220;on&#8220; align_tablet=&#8220;center&#8220; align_phone=&#8220;&#8220; align_last_edited=&#8220;on|desktop&#8220; _builder_version=&#8220;4.16&#8243; width_tablet=&#8220;68%&#8220; width_phone=&#8220;&#8220; width_last_edited=&#8220;on|tablet&#8220; custom_margin=&#8220;-10vw|||&#8220; custom_margin_tablet=&#8220;-125vw||||false|false&#8220; custom_margin_phone=&#8220;-205vw||||false|false&#8220; custom_margin_last_edited=&#8220;on|phone&#8220; animation_style=&#8220;fade&#8220; border_width_all=&#8220;30px&#8220; border_color_all=&#8220;#ffffff&#8220; global_colors_info=&#8220;{}&#8220;][\/et_pb_image][\/et_pb_column][\/et_pb_row][\/et_pb_section][et_pb_section fb_built=&#8220;1&#8243; specialty=&#8220;on&#8220; custom_padding_last_edited=&#8220;on|tablet&#8220; background_color_1=&#8220;#f9f6f5&#8243; padding_top_1=&#8220;0px&#8220; padding_right_1=&#8220;8%&#8220; padding_bottom_1=&#8220;40px&#8220; admin_label=&#8220;Services&#8220; _builder_version=&#8220;4.16&#8243; background_image=&#8220;https:\/\/welo-bau.de\/wp-content\/uploads\/2020\/02\/divider.png&#8220; background_size=&#8220;initial&#8220; background_position=&#8220;top_left&#8220; background_repeat=&#8220;repeat&#8220; inner_max_width=&#8220;1280px&#8220; custom_margin=&#8220;-75px|||||&#8220; custom_padding=&#8220;22px||0%|||&#8220; custom_padding_tablet=&#8220;||30px|&#8220; custom_padding_phone=&#8220;2px||30px|||&#8220; use_custom_width=&#8220;on&#8220; custom_width_px=&#8220;1280px&#8220; global_colors_info=&#8220;{}&#8220;][et_pb_column type=&#8220;1_2&#8243; _builder_version=&#8220;4.16&#8243; background_color=&#8220;#f9f6f5&#8243; custom_padding=&#8220;|||&#8220; global_colors_info=&#8220;{}&#8220; custom_padding__hover=&#8220;|||&#8220;][\/et_pb_column][et_pb_column type=&#8220;1_2&#8243; specialty_columns=&#8220;2&#8243; _builder_version=&#8220;4.16&#8243; custom_padding=&#8220;|||&#8220; global_colors_info=&#8220;{}&#8220; custom_padding__hover=&#8220;|||&#8220;][et_pb_row_inner _builder_version=&#8220;4.16&#8243; custom_padding=&#8220;0px|0px|0|0px|false|false&#8220; global_colors_info=&#8220;{}&#8220;][et_pb_column_inner saved_specialty_column_type=&#8220;1_2&#8243; _builder_version=&#8220;4.16&#8243; custom_padding=&#8220;|||&#8220; global_colors_info=&#8220;{}&#8220; custom_padding__hover=&#8220;|||&#8220;][et_pb_contact_form captcha=&#8220;off&#8220; title=&#8220;Sie haben Fragen? dann schreiben Sie uns&#8220; submit_button_text=&#8220;NAchricht senden&#8220; module_id=&#8220;et_pb_contact_form_0&#8243; _builder_version=&#8220;4.16&#8243; _unique_id=&#8220;27d60fb2-14e7-45ae-b7ce-f2beff1f3233&#8243; form_field_background_color=&#8220;rgba(240,237,238,0.26)&#8220; title_level=&#8220;h2&#8243; title_font=&#8220;Oswald|||on|||||&#8220; title_line_height=&#8220;1.5em&#8220; form_field_font=&#8220;Roboto|500||on|||||&#8220; form_field_font_size=&#8220;12px&#8220; form_field_letter_spacing=&#8220;2px&#8220; custom_button=&#8220;on&#8220; button_text_size=&#8220;14px&#8220; button_text_color=&#8220;#ffffff&#8220; button_bg_color=&#8220;#352a22&#8243; button_border_width=&#8220;12px&#8220; button_border_color=&#8220;#352a22&#8243; button_border_radius=&#8220;0px&#8220; button_letter_spacing=&#8220;5px&#8220; button_font=&#8220;Roboto|700||on|||||&#8220; custom_padding=&#8220;||26px|||&#8220; border_width_bottom=&#8220;2px&#8220; border_color_bottom=&#8220;rgba(51,51,51,0.13)&#8220; form_background_color=&#8220;rgba(240,237,238,0.26)&#8220; global_colors_info=&#8220;{}&#8220;][et_pb_contact_field field_id=&#8220;Name&#8220; field_title=&#8220;Name&#8220; fullwidth_field=&#8220;on&#8220; _builder_version=&#8220;4.16&#8243; global_colors_info=&#8220;{}&#8220; button_text_size__hover_enabled=&#8220;off&#8220; button_one_text_size__hover_enabled=&#8220;off&#8220; button_two_text_size__hover_enabled=&#8220;off&#8220; button_text_color__hover_enabled=&#8220;off&#8220; button_one_text_color__hover_enabled=&#8220;off&#8220; button_two_text_color__hover_enabled=&#8220;off&#8220; button_border_width__hover_enabled=&#8220;off&#8220; button_one_border_width__hover_enabled=&#8220;off&#8220; button_two_border_width__hover_enabled=&#8220;off&#8220; button_border_color__hover_enabled=&#8220;off&#8220; button_one_border_color__hover_enabled=&#8220;off&#8220; button_two_border_color__hover_enabled=&#8220;off&#8220; button_border_radius__hover_enabled=&#8220;off&#8220; button_one_border_radius__hover_enabled=&#8220;off&#8220; button_two_border_radius__hover_enabled=&#8220;off&#8220; button_letter_spacing__hover_enabled=&#8220;off&#8220; button_one_letter_spacing__hover_enabled=&#8220;off&#8220; button_two_letter_spacing__hover_enabled=&#8220;off&#8220; button_bg_color__hover_enabled=&#8220;off&#8220; button_one_bg_color__hover_enabled=&#8220;off&#8220; button_two_bg_color__hover_enabled=&#8220;off&#8220;][\/et_pb_contact_field][et_pb_contact_field field_id=&#8220;Email&#8220; field_title=&#8220;Email&#8220; field_type=&#8220;email&#8220; fullwidth_field=&#8220;on&#8220; _builder_version=&#8220;4.16&#8243; global_colors_info=&#8220;{}&#8220; button_text_size__hover_enabled=&#8220;off&#8220; button_one_text_size__hover_enabled=&#8220;off&#8220; button_two_text_size__hover_enabled=&#8220;off&#8220; button_text_color__hover_enabled=&#8220;off&#8220; button_one_text_color__hover_enabled=&#8220;off&#8220; button_two_text_color__hover_enabled=&#8220;off&#8220; button_border_width__hover_enabled=&#8220;off&#8220; button_one_border_width__hover_enabled=&#8220;off&#8220; button_two_border_width__hover_enabled=&#8220;off&#8220; button_border_color__hover_enabled=&#8220;off&#8220; button_one_border_color__hover_enabled=&#8220;off&#8220; button_two_border_color__hover_enabled=&#8220;off&#8220; button_border_radius__hover_enabled=&#8220;off&#8220; button_one_border_radius__hover_enabled=&#8220;off&#8220; button_two_border_radius__hover_enabled=&#8220;off&#8220; button_letter_spacing__hover_enabled=&#8220;off&#8220; button_one_letter_spacing__hover_enabled=&#8220;off&#8220; button_two_letter_spacing__hover_enabled=&#8220;off&#8220; button_bg_color__hover_enabled=&#8220;off&#8220; button_one_bg_color__hover_enabled=&#8220;off&#8220; button_two_bg_color__hover_enabled=&#8220;off&#8220;][\/et_pb_contact_field][et_pb_contact_field field_id=&#8220;Nachricht&#8220; field_title=&#8220;Nachricht&#8220; field_type=&#8220;text&#8220; fullwidth_field=&#8220;on&#8220; _builder_version=&#8220;4.16&#8243; global_colors_info=&#8220;{}&#8220; button_text_size__hover_enabled=&#8220;off&#8220; button_one_text_size__hover_enabled=&#8220;off&#8220; button_two_text_size__hover_enabled=&#8220;off&#8220; button_text_color__hover_enabled=&#8220;off&#8220; button_one_text_color__hover_enabled=&#8220;off&#8220; button_two_text_color__hover_enabled=&#8220;off&#8220; button_border_width__hover_enabled=&#8220;off&#8220; button_one_border_width__hover_enabled=&#8220;off&#8220; button_two_border_width__hover_enabled=&#8220;off&#8220; button_border_color__hover_enabled=&#8220;off&#8220; button_one_border_color__hover_enabled=&#8220;off&#8220; button_two_border_color__hover_enabled=&#8220;off&#8220; button_border_radius__hover_enabled=&#8220;off&#8220; button_one_border_radius__hover_enabled=&#8220;off&#8220; button_two_border_radius__hover_enabled=&#8220;off&#8220; button_letter_spacing__hover_enabled=&#8220;off&#8220; button_one_letter_spacing__hover_enabled=&#8220;off&#8220; button_two_letter_spacing__hover_enabled=&#8220;off&#8220; button_bg_color__hover_enabled=&#8220;off&#8220; button_one_bg_color__hover_enabled=&#8220;off&#8220; button_two_bg_color__hover_enabled=&#8220;off&#8220;][\/et_pb_contact_field][\/et_pb_contact_form][\/et_pb_column_inner][\/et_pb_row_inner][\/et_pb_column][\/et_pb_section][et_pb_section fb_built=&#8220;1&#8243; admin_label=&#8220;Pricing&#8220; _builder_version=&#8220;4.16&#8243; background_size=&#8220;initial&#8220; background_position=&#8220;top_left&#8220; background_repeat=&#8220;repeat&#8220; custom_padding=&#8220;54px|0px|0px|0px|false|false&#8220; global_colors_info=&#8220;{}&#8220;][\/et_pb_section][et_pb_section fb_built=&#8220;1&#8243; admin_label=&#8220;Gallery&#8220; _builder_version=&#8220;4.16&#8243; custom_padding=&#8220;0px|0|54px|0px|false|false&#8220; global_colors_info=&#8220;{}&#8220;][\/et_pb_section]<\/p>\n","protected":false},"excerpt":{"rendered":"<p>Aus eigener Herstellung WELO Pfostentr\u00e4ger Individuell mit unseren zahlreichen L\u00f6sungen zum Ziel In unserer eigenen Schlosserei werden die Pfostentr\u00e4ger hergestellt. Alles Einzelteile geschnitten, gestanzt, geschwei\u00dft und geschraubt. Viele verschiedene Produkte erm\u00f6glichen es Ihnen f\u00fcr jedes individuelle Problem die ideale L\u00f6sung zu finden.<\/p>\n","protected":false},"author":1,"featured_media":0,"parent":0,"menu_order":0,"comment_status":"closed","ping_status":"closed","template":"","meta":{"_et_pb_use_builder":"on","_et_pb_old_content":"","_et_gb_content_width":"","footnotes":""},"class_list":["post-1514","page","type-page","status-publish","hentry"],"jetpack_sharing_enabled":true,"_links":{"self":[{"href":"https:\/\/welo-bau.de\/index.php?rest_route=\/wp\/v2\/pages\/1514","targetHints":{"allow":["GET"]}}],"collection":[{"href":"https:\/\/welo-bau.de\/index.php?rest_route=\/wp\/v2\/pages"}],"about":[{"href":"https:\/\/welo-bau.de\/index.php?rest_route=\/wp\/v2\/types\/page"}],"author":[{"embeddable":true,"href":"https:\/\/welo-bau.de\/index.php?rest_route=\/wp\/v2\/users\/1"}],"replies":[{"embeddable":true,"href":"https:\/\/welo-bau.de\/index.php?rest_route=%2Fwp%2Fv2%2Fcomments&post=1514"}],"version-history":[{"count":15,"href":"https:\/\/welo-bau.de\/index.php?rest_route=\/wp\/v2\/pages\/1514\/revisions"}],"predecessor-version":[{"id":2128,"href":"https:\/\/welo-bau.de\/index.php?rest_route=\/wp\/v2\/pages\/1514\/revisions\/2128"}],"wp:attachment":[{"href":"https:\/\/welo-bau.de\/index.php?rest_route=%2Fwp%2Fv2%2Fmedia&parent=1514"}],"curies":[{"name":"wp","href":"https:\/\/api.w.org\/{rel}","templated":true}]}}